{"id":359,"date":"2019-11-07T09:24:13","date_gmt":"2019-11-07T09:24:13","guid":{"rendered":"https:\/\/globallmende.org\/?page_id=359"},"modified":"2019-12-12T15:34:51","modified_gmt":"2019-12-12T15:34:51","slug":"formular","status":"publish","type":"page","link":"https:\/\/globallmende.org\/?page_id=359","title":{"rendered":"Anmeldung zu Friedensf\u00e4den &#8211; Friedensnetz"},"content":{"rendered":"<p>&nbsp;<\/p>\n\n<div class=\"wpcf7 no-js\" id=\"wpcf7-f358-o1\" lang=\"de-DE\" dir=\"ltr\" data-wpcf7-id=\"358\">\n<div class=\"screen-reader-response\"><p role=\"status\" aria-live=\"polite\" aria-atomic=\"true\"><\/p> <ul><\/ul><\/div>\n<form action=\"\/index.php?rest_route=%2Fwp%2Fv2%2Fpages%2F359#wpcf7-f358-o1\" method=\"post\" class=\"wpcf7-form init\" aria-label=\"Kontaktformular\" novalidate=\"novalidate\" data-status=\"init\">\n<fieldset class=\"hidden-fields-container\"><input type=\"hidden\" name=\"_wpcf7\" value=\"358\" \/><input type=\"hidden\" name=\"_wpcf7_version\" value=\"6.1.6\" \/><input type=\"hidden\" name=\"_wpcf7_locale\" value=\"de_DE\" \/><input type=\"hidden\" name=\"_wpcf7_unit_tag\" value=\"wpcf7-f358-o1\" \/><input type=\"hidden\" name=\"_wpcf7_container_post\" value=\"0\" \/><input type=\"hidden\" name=\"_wpcf7_posted_data_hash\" value=\"\" \/>\n<\/fieldset>\n<p>Anmeldeformular<br \/>\n- Anmeldung zum Mitmach-Projekt Friedensf\u00e4den-Friedensnetz -\n<\/p>\n<p><label> Vorname und Name (Pflichtfeld):<br \/>\n<span class=\"wpcf7-form-control-wrap\" data-name=\"your-name\"><input size=\"40\" maxlength=\"400\" class=\"wpcf7-form-control wpcf7-text wpcf7-validates-as-required\" aria-required=\"true\" aria-invalid=\"false\" value=\"\" type=\"text\" name=\"your-name\" \/><\/span> <\/label>\n<\/p>\n<p><label> E-Mail-Adresse (Pflichtfeld):<br \/>\n<span class=\"wpcf7-form-control-wrap\" data-name=\"your-email\"><input size=\"40\" maxlength=\"400\" class=\"wpcf7-form-control wpcf7-email wpcf7-validates-as-required wpcf7-text wpcf7-validates-as-email\" aria-required=\"true\" aria-invalid=\"false\" value=\"\" type=\"email\" name=\"your-email\" \/><\/span> <\/label>\n<\/p>\n<p><label> Stra\u00dfe und Hausnummer (freiwillige Angabe):<br \/>\n<span class=\"wpcf7-form-control-wrap\" data-name=\"your-street\"><input size=\"40\" maxlength=\"400\" class=\"wpcf7-form-control wpcf7-text\" aria-invalid=\"false\" value=\"\" type=\"text\" name=\"your-street\" \/><\/span> <\/label>\n<\/p>\n<p><label> PLZ und Ort (freiwillige Angabe):<br \/>\n<span class=\"wpcf7-form-control-wrap\" data-name=\"your-zip\"><input size=\"40\" maxlength=\"400\" class=\"wpcf7-form-control wpcf7-text\" aria-invalid=\"false\" value=\"\" type=\"text\" name=\"your-zip\" \/><\/span> <\/label>\n<\/p>\n<p><label> Ich m\u00f6chte an diesen Veranstaltungen und Workshops teilnehmen:<br \/>\n<span class=\"wpcf7-form-control-wrap\" data-name=\"checkbox-14\"><span class=\"wpcf7-form-control wpcf7-checkbox\"><span class=\"wpcf7-list-item first\"><input type=\"checkbox\" name=\"checkbox-14[]\" value=\"Do, 16. Juli 2020, 18-21 Uhr, Workshop Leute machen Kleider, Quartierstreff 33 des Bauverein Breisgau\" \/><span class=\"wpcf7-list-item-label\">Do, 16. Juli 2020, 18-21 Uhr, Workshop Leute machen Kleider, Quartierstreff 33 des Bauverein Breisgau<\/span><\/span><span class=\"wpcf7-list-item\"><input type=\"checkbox\" name=\"checkbox-14[]\" value=\"Mi, 22. Juli 2020, 18-21 Uhr, Workshop f\u00fcr gewaltfreies Handeln, Quartierstreff 33 des Bauverein Breisgau\" \/><span class=\"wpcf7-list-item-label\">Mi, 22. Juli 2020, 18-21 Uhr, Workshop f\u00fcr gewaltfreies Handeln, Quartierstreff 33 des Bauverein Breisgau<\/span><\/span><span class=\"wpcf7-list-item last\"><input type=\"checkbox\" name=\"checkbox-14[]\" value=\"Di, 28. Juli 2020, 18-21 Uhr, Austausch- und Vernetzungstreffen, Quartierstreff 33 des Bauverein Breisgau\" \/><span class=\"wpcf7-list-item-label\">Di, 28. Juli 2020, 18-21 Uhr, Austausch- und Vernetzungstreffen, Quartierstreff 33 des Bauverein Breisgau<\/span><\/span><\/span><\/span><br \/>\n<span class=\"wpcf7-form-control-wrap\" data-name=\"checkbox-670\"><span class=\"wpcf7-form-control wpcf7-checkbox\"><span class=\"wpcf7-list-item first last\"><input type=\"checkbox\" name=\"checkbox-670[]\" value=\"Ich m\u00f6chte weiter zu Friedensf\u00e4den-Friedensnetz informiert werden.\" \/><span class=\"wpcf7-list-item-label\">Ich m\u00f6chte weiter zu Friedensf\u00e4den-Friedensnetz informiert werden.<\/span><\/span><\/span><\/span><br \/>\nZustimmung Datenschutz:<br \/>\n<span class=\"wpcf7-form-control-wrap\" data-name=\"checkbox-240\"><span class=\"wpcf7-form-control wpcf7-checkbox wpcf7-validates-as-required wpcf7-exclusive-checkbox\"><span class=\"wpcf7-list-item first last\"><input type=\"checkbox\" name=\"checkbox-240\" value=\"Datenschutzhinweis gelesen und akzeptiert: Die jeweiligen ReferentInnen erhalten eine Liste mit Vor- und Nachnamen der Teilnehmenden. Ansonsten werden keine Daten an Dritte weitergegeben. Aufgrund der Corona-Verordnung m\u00fcssen wir Ihre Kontaktdaten bei der Veranstaltung aufnehmen und dem Quartierstreff 33 zur Verf\u00fcgung stellen. Diese Daten m\u00fcssen  dort nach vier Wochen wieder gel\u00f6scht werden. Wenn Sie sich zu Friedensf\u00e4den-Friedensnetz anmelden, erhalten Sie nur zu diesem Projekt Informationen. Die bei uns gespeicherten Daten werden gel\u00f6scht, sobald sie f\u00fcr ihre Zweckbestimmung nicht mehr erforderlich sind und der L\u00f6schung keine gesetzlichen Aufbewahrungspflichten entgegenstehen. Wenn Sie auch weiterhin zu Aktivit\u00e4ten von GLOBALLMENDE informiert werden m\u00f6chten, werden Sie in den Newsletter aufgenommen. Selbstverst\u00e4ndlich k\u00f6nnen Sie den Newsletter jederzeit abbestellen. Bitte teilen Sie uns in diesem Fall mit, ob wir Ihre Kontaktdaten komplett l\u00f6schen sollen. Allgemeine Hinweise zum Datenschutz auf unserer Webseite finden Sie auf der Seite Datenschutz.\" \/><span class=\"wpcf7-list-item-label\">Datenschutzhinweis gelesen und akzeptiert: Die jeweiligen ReferentInnen erhalten eine Liste mit Vor- und Nachnamen der Teilnehmenden. Ansonsten werden keine Daten an Dritte weitergegeben. Aufgrund der Corona-Verordnung m\u00fcssen wir Ihre Kontaktdaten bei der Veranstaltung aufnehmen und dem Quartierstreff 33 zur Verf\u00fcgung stellen. Diese Daten m\u00fcssen  dort nach vier Wochen wieder gel\u00f6scht werden. Wenn Sie sich zu Friedensf\u00e4den-Friedensnetz anmelden, erhalten Sie nur zu diesem Projekt Informationen. Die bei uns gespeicherten Daten werden gel\u00f6scht, sobald sie f\u00fcr ihre Zweckbestimmung nicht mehr erforderlich sind und der L\u00f6schung keine gesetzlichen Aufbewahrungspflichten entgegenstehen. Wenn Sie auch weiterhin zu Aktivit\u00e4ten von GLOBALLMENDE informiert werden m\u00f6chten, werden Sie in den Newsletter aufgenommen. Selbstverst\u00e4ndlich k\u00f6nnen Sie den Newsletter jederzeit abbestellen. Bitte teilen Sie uns in diesem Fall mit, ob wir Ihre Kontaktdaten komplett l\u00f6schen sollen. Allgemeine Hinweise zum Datenschutz auf unserer Webseite finden Sie auf der Seite Datenschutz.<\/span><\/span><\/span><\/span><a href=\"https:\/\/globallmende.org\/?page_id=128\/\" target=\"_blank\">Hier Informationen zum Datenschutz einsehen<\/a><br \/>\n<span class=\"wpcf7-form-control-wrap\" data-name=\"acceptance-603\"><span class=\"wpcf7-form-control wpcf7-acceptance optional\"><span class=\"wpcf7-list-item\"><label><input type=\"checkbox\" name=\"acceptance-603\" value=\"1\" aria-invalid=\"false\" \/><span class=\"wpcf7-list-item-label\">(freiwillige Auswahl) Ich m\u00f6chte auch zu weiteren Aktivit\u00e4tenen von GLOBALLMENDE per E-Mail und ggf. per Briefpost informiert werden.<\/span><\/label><\/span><\/span><\/span><br \/>\n<input class=\"wpcf7-form-control wpcf7-submit has-spinner\" type=\"submit\" value=\"Verbindlich Anmelden \/ Weitere Infos erhalten\" \/><\/label>\n<\/p><div class=\"wpcf7-response-output\" aria-hidden=\"true\"><\/div>\n<\/form>\n<\/div>\n\n","protected":false},"excerpt":{"rendered":"<p>&nbsp;<\/p>\n","protected":false},"author":1,"featured_media":393,"parent":0,"menu_order":0,"comment_status":"closed","ping_status":"closed","template":"","meta":{"footnotes":""},"class_list":["post-359","page","type-page","status-publish","has-post-thumbnail","hentry"],"_links":{"self":[{"href":"https:\/\/globallmende.org\/index.php?rest_route=\/wp\/v2\/pages\/359","targetHints":{"allow":["GET"]}}],"collection":[{"href":"https:\/\/globallmende.org\/index.php?rest_route=\/wp\/v2\/pages"}],"about":[{"href":"https:\/\/globallmende.org\/index.php?rest_route=\/wp\/v2\/types\/page"}],"author":[{"embeddable":true,"href":"https:\/\/globallmende.org\/index.php?rest_route=\/wp\/v2\/users\/1"}],"replies":[{"embeddable":true,"href":"https:\/\/globallmende.org\/index.php?rest_route=%2Fwp%2Fv2%2Fcomments&post=359"}],"version-history":[{"count":6,"href":"https:\/\/globallmende.org\/index.php?rest_route=\/wp\/v2\/pages\/359\/revisions"}],"predecessor-version":[{"id":450,"href":"https:\/\/globallmende.org\/index.php?rest_route=\/wp\/v2\/pages\/359\/revisions\/450"}],"wp:featuredmedia":[{"embeddable":true,"href":"https:\/\/globallmende.org\/index.php?rest_route=\/wp\/v2\/media\/393"}],"wp:attachment":[{"href":"https:\/\/globallmende.org\/index.php?rest_route=%2Fwp%2Fv2%2Fmedia&parent=359"}],"curies":[{"name":"wp","href":"https:\/\/api.w.org\/{rel}","templated":true}]}}